{"id":651,"date":"2017-06-27T06:20:05","date_gmt":"2017-06-27T06:20:05","guid":{"rendered":"http:\/\/dummy.xtemos.com\/woodmart-elementor\/demos\/?page_id=651"},"modified":"2023-05-04T11:08:01","modified_gmt":"2023-05-04T11:08:01","slug":"kontakt","status":"publish","type":"page","link":"https:\/\/abutment-implants.pl\/prezentacja\/kontakt\/","title":{"rendered":"Kontakt"},"content":{"rendered":"\t\t<div data-elementor-type=\"wp-page\" data-elementor-id=\"651\" class=\"elementor elementor-651\">\n\t\t\t\t\t\t\t\t\t<section class=\"elementor-section elementor-top-section elementor-element elementor-element-8694397 wd-section-stretch-content elementor-section-boxed elementor-section-height-default elementor-section-height-default\" data-id=\"8694397\" data-element_type=\"section\">\n\t\t\t\t\t\t<div class=\"elementor-container elementor-column-gap-no\">\n\t\t\t\t\t<div class=\"elementor-column elementor-col-100 elementor-top-column elementor-element elementor-element-8561311\" data-id=\"8561311\" data-element_type=\"column\">\n\t\t\t<div class=\"elementor-widget-wrap\">\n\t\t\t\t\t\t\t\t\t<\/div>\n\t\t<\/div>\n\t\t\t\t\t\t\t<\/div>\n\t\t<\/section>\n\t\t\t\t<section class=\"elementor-section elementor-top-section elementor-element elementor-element-1320fa8 elementor-section-boxed elementor-section-height-default elementor-section-height-default wd-section-disabled\" data-id=\"1320fa8\" data-element_type=\"section\">\n\t\t\t\t\t\t<div class=\"elementor-container elementor-column-gap-default\">\n\t\t\t\t\t<div class=\"elementor-column elementor-col-100 elementor-top-column elementor-element elementor-element-ecc6902\" data-id=\"ecc6902\" data-element_type=\"column\">\n\t\t\t<div class=\"elementor-widget-wrap elementor-element-populated\">\n\t\t\t\t\t\t\t\t<div class=\"elementor-element elementor-element-058313f elementor-widget elementor-widget-spacer\" data-id=\"058313f\" data-element_type=\"widget\" data-widget_type=\"spacer.default\">\n\t\t\t\t<div class=\"elementor-widget-container\">\n\t\t\t\t\t<div class=\"elementor-spacer\">\n\t\t\t<div class=\"elementor-spacer-inner\"><\/div>\n\t\t<\/div>\n\t\t\t\t<\/div>\n\t\t\t\t<\/div>\n\t\t\t\t\t<\/div>\n\t\t<\/div>\n\t\t\t\t\t\t\t<\/div>\n\t\t<\/section>\n\t\t\t\t<section class=\"elementor-section elementor-top-section elementor-element elementor-element-0768f52 elementor-section-boxed elementor-section-height-default elementor-section-height-default wd-section-disabled\" data-id=\"0768f52\" data-element_type=\"section\">\n\t\t\t\t\t\t<div class=\"elementor-container elementor-column-gap-default\">\n\t\t\t\t\t<div class=\"elementor-column elementor-col-50 elementor-top-column elementor-element elementor-element-c3e6aba\" data-id=\"c3e6aba\" data-element_type=\"column\">\n\t\t\t<div class=\"elementor-widget-wrap elementor-element-populated\">\n\t\t\t\t\t\t\t\t<div class=\"elementor-element elementor-element-7dbb417 elementor-widget elementor-widget-wd_title\" data-id=\"7dbb417\" data-element_type=\"widget\" data-widget_type=\"wd_title.default\">\n\t\t\t\t<div class=\"elementor-widget-container\">\n\t\t\t\t\t\t<link rel=\"stylesheet\" id=\"wd-section-title-css\" href=\"https:\/\/abutment-implants.pl\/prezentacja\/wp-content\/themes\/woodmart\/css\/parts\/el-section-title.min.css?ver=6.0.4\" type=\"text\/css\" media=\"all\" \/> \t\t\t\t\t<div class=\"title-wrapper set-mb-s reset-last-child wd-title-color-default wd-title-style-bordered wd-title-size-default text-left\">\n\n\t\t\t\n\t\t\t<div class=\"liner-continer\">\n\n\t\t\t\t<h4 class=\"woodmart-title-container title wd-fontsize-l\">\n\t\t\t\t\tWY\u015aLIJ WIADOMO\u015a\u0106\t\t\t\t<\/h4>\n\n\t\t\t\t\n\t\t\t<\/div>\n\n\t\t\t\t\t\t\t<div class=\"title-after_title set-cont-mb-s reset-last-child wd-fontsize-xs\">\n\t\t\t\t\tSkontaktuj si\u0119 z nami!\u00a0\u00a0Aby uzyska\u0107 spersonalizowane oferty, prosimy o kontakt za po\u015brednictwem tego formularza lub na whatsapp.\t\t\t\t<\/div>\n\t\t\t\t\t<\/div>\n\t\t\t\t<\/div>\n\t\t\t\t<\/div>\n\t\t\t\t<div class=\"elementor-element elementor-element-6996a1a elementor-widget elementor-widget-wd_contact_form_7\" data-id=\"6996a1a\" data-element_type=\"widget\" data-widget_type=\"wd_contact_form_7.default\">\n\t\t\t\t<div class=\"elementor-widget-container\">\n\t\t\t<div role=\"form\" class=\"wpcf7\" id=\"wpcf7-f608-o1\" lang=\"en-US\" dir=\"ltr\">\n<div class=\"screen-reader-response\"><p role=\"status\" aria-live=\"polite\" aria-atomic=\"true\"><\/p> <ul><\/ul><\/div>\n<form action=\"\/prezentacja\/wp-json\/wp\/v2\/pages\/651#wpcf7-f608-o1\" method=\"post\" class=\"wpcf7-form init\" novalidate=\"novalidate\" data-status=\"init\">\n<div style=\"display: none;\">\n<input type=\"hidden\" name=\"_wpcf7\" value=\"608\" \/>\n<input type=\"hidden\" name=\"_wpcf7_version\" value=\"5.4.1\" \/>\n<input type=\"hidden\" name=\"_wpcf7_locale\" value=\"en_US\" \/>\n<input type=\"hidden\" name=\"_wpcf7_unit_tag\" value=\"wpcf7-f608-o1\" \/>\n<input type=\"hidden\" name=\"_wpcf7_container_post\" value=\"0\" \/>\n<input type=\"hidden\" name=\"_wpcf7_posted_data_hash\" value=\"\" \/>\n<\/div>\n<div class=\"row\">\n<div class=\"col-md-6\" style='margin-bottom:20px;'><label>Nume si prenume<\/label><span class=\"wpcf7-form-control-wrap your-name\"><input type=\"text\" name=\"your-name\" value=\"\" size=\"40\" class=\"wpcf7-form-control wpcf7-text wpcf7-validates-as-required\" aria-required=\"true\" aria-invalid=\"false\" \/><\/span><\/div>\n<div class=\"col-md-6\" style='margin-bottom:20px;'><label> Email<\/label><span class=\"wpcf7-form-control-wrap your-email\"><input type=\"email\" name=\"your-email\" value=\"\" size=\"40\" class=\"wpcf7-form-control wpcf7-text wpcf7-email wpcf7-validates-as-required wpcf7-validates-as-email\" aria-required=\"true\" aria-invalid=\"false\" \/><\/span><\/div>\n<\/div>\n<div class=\"row\">\n<div class=\"col-md-6\" style='margin-bottom:20px;'><label>Telefon<\/label><span class=\"wpcf7-form-control-wrap tel-767\"><input type=\"tel\" name=\"tel-767\" value=\"\" size=\"40\" class=\"wpcf7-form-control wpcf7-text wpcf7-tel wpcf7-validates-as-tel\" aria-invalid=\"false\" \/><\/span><\/div>\n<div class=\"col-md-6\" style='margin-bottom:20px;'><label>Subiect<\/label><span class=\"wpcf7-form-control-wrap text-1\"><input type=\"text\" name=\"text-1\" value=\"\" size=\"40\" class=\"wpcf7-form-control wpcf7-text\" aria-invalid=\"false\" \/><\/span><\/div>\n<\/div>\n<p><label>Mesaj<\/label><span class=\"wpcf7-form-control-wrap your-message\"><textarea name=\"your-message\" cols=\"40\" rows=\"10\" class=\"wpcf7-form-control wpcf7-textarea\" aria-invalid=\"false\"><\/textarea><\/span><\/p>\n<p><input type=\"submit\" value=\"Trimite\" class=\"wpcf7-form-control wpcf7-submit btn-color-black\" \/><\/p>\n<div class=\"wpcf7-response-output\" aria-hidden=\"true\"><\/div><\/form><\/div>\t\t<\/div>\n\t\t\t\t<\/div>\n\t\t\t\t\t<\/div>\n\t\t<\/div>\n\t\t\t\t<div class=\"elementor-column elementor-col-50 elementor-top-column elementor-element elementor-element-ad70237\" data-id=\"ad70237\" data-element_type=\"column\">\n\t\t\t<div class=\"elementor-widget-wrap elementor-element-populated\">\n\t\t\t\t\t\t\t\t<div class=\"elementor-element elementor-element-e695d84 elementor-widget elementor-widget-wd_title\" data-id=\"e695d84\" data-element_type=\"widget\" data-widget_type=\"wd_title.default\">\n\t\t\t\t<div class=\"elementor-widget-container\">\n\t\t\t\t\t<div class=\"title-wrapper set-mb-s reset-last-child wd-title-color-default wd-title-style-bordered wd-title-size-default text-left\">\n\n\t\t\t\n\t\t\t<div class=\"liner-continer\">\n\n\t\t\t\t<h4 class=\"woodmart-title-container title wd-fontsize-l\">\n\t\t\t\t\t\t\t\t\t<\/h4>\n\n\t\t\t\t\n\t\t\t<\/div>\n\n\t\t\t\t\t<\/div>\n\t\t\t\t<\/div>\n\t\t\t\t<\/div>\n\t\t\t\t<div class=\"elementor-element elementor-element-a2c52bd elementor-widget elementor-widget-wd_title\" data-id=\"a2c52bd\" data-element_type=\"widget\" data-widget_type=\"wd_title.default\">\n\t\t\t\t<div class=\"elementor-widget-container\">\n\t\t\t\t\t<div class=\"title-wrapper set-mb-s reset-last-child wd-title-color-default wd-title-style-bordered wd-title-size-default text-left\">\n\n\t\t\t\n\t\t\t<div class=\"liner-continer\">\n\n\t\t\t\t<h4 class=\"woodmart-title-container title wd-fontsize-l\">\n\t\t\t\t\tDANE KONTAKTOWE\t\t\t\t<\/h4>\n\n\t\t\t\t\n\t\t\t<\/div>\n\n\t\t\t\t\t<\/div>\n\t\t\t\t<\/div>\n\t\t\t\t<\/div>\n\t\t\t\t<section class=\"elementor-section elementor-inner-section elementor-element elementor-element-0ad05c9 elementor-section-boxed elementor-section-height-default elementor-section-height-default wd-section-disabled\" data-id=\"0ad05c9\" data-element_type=\"section\">\n\t\t\t\t\t\t<div class=\"elementor-container elementor-column-gap-extended\">\n\t\t\t\t\t<div class=\"elementor-column elementor-col-50 elementor-inner-column elementor-element elementor-element-3ccb812\" data-id=\"3ccb812\" data-element_type=\"column\">\n\t\t\t<div class=\"elementor-widget-wrap elementor-element-populated\">\n\t\t\t\t\t\t\t\t<div class=\"elementor-element elementor-element-00d9f46 elementor-widget elementor-widget-wd_infobox\" data-id=\"00d9f46\" data-element_type=\"widget\" data-widget_type=\"wd_infobox.default\">\n\t\t\t\t<div class=\"elementor-widget-container\">\n\t\t\t\t\t\t<link rel=\"stylesheet\" id=\"wd-info-box-css\" href=\"https:\/\/abutment-implants.pl\/prezentacja\/wp-content\/themes\/woodmart\/css\/parts\/el-info-box.min.css?ver=6.0.4\" type=\"text\/css\" media=\"all\" \/> \t\t\t\t\t<div class=\"info-box-wrapper\">\n\t\t\t<div class=\"wd-info-box text-left box-icon-align-left box-style-base color-scheme-\">\n\t\t\t\t\t\t\t\t\t<div class=\"box-icon-wrapper  box-with-icon box-icon-simple\">\n\t\t\t\t\t\t<div class=\"info-box-icon\">\n\t\t\t\t\t\t\t\t\t\t\t\t\t\t\t<span class=\"info-svg-wrapper info-icon\" style=\"width:40px; height:40px;\"><svg id=\"svg-1040\" xmlns=\"http:\/\/www.w3.org\/2000\/svg\" width=\"12\" height=\"12\" viewBox=\"0 0 12 12\" fill=\"none\"><path d=\"M3.36424 12C3.36424 12 3.35982 12 3.35099 12C3.08609 12 2.83002 11.947 2.58278 11.8411C2.34437 11.7351 2.13687 11.5938 1.96026 11.4172L0.357616 9.81457C0.251656 9.70861 0.163355 9.58057 0.0927152 9.43046C0.0309051 9.28035 0 9.12141 0 8.95364C0 8.78587 0.0309051 8.62693 0.0927152 8.47682C0.163355 8.32671 0.251656 8.19868 0.357616 8.09272L1.61589 6.83444C1.73068 6.71965 1.85872 6.63135 2 6.56954C2.15011 6.50773 2.31347 6.47682 2.49007 6.47682C2.72848 6.47682 2.94481 6.53863 3.13907 6.66225C3.33333 6.78587 3.47903 6.94481 3.57616 7.13907V7.15232L3.84106 7.66887C3.85872 7.70419 3.88079 7.7351 3.90728 7.76159C3.94261 7.78808 3.98234 7.80574 4.02649 7.81457C4.03532 7.81457 4.04415 7.81898 4.05298 7.82782C4.06181 7.82782 4.07064 7.82782 4.07947 7.82782C4.11479 7.82782 4.1457 7.8234 4.17219 7.81457C4.20751 7.79691 4.23841 7.77925 4.2649 7.76159C4.60044 7.47903 4.91832 7.20088 5.21854 6.92715C5.51876 6.64459 5.80132 6.37086 6.06623 6.10596C6.3223 5.84989 6.59161 5.56733 6.87417 5.25828C7.15673 4.94923 7.44371 4.62252 7.7351 4.27815C7.76159 4.25166 7.77925 4.22517 7.78808 4.19868C7.79691 4.16336 7.80132 4.12804 7.80132 4.09272C7.80132 4.08389 7.80132 4.07506 7.80132 4.06623C7.80132 4.0574 7.80132 4.04857 7.80132 4.03974C7.79249 3.99559 7.77483 3.96026 7.74834 3.93377C7.72185 3.89845 7.69095 3.87196 7.65563 3.8543H7.64238L7.13907 3.5894C6.93598 3.49227 6.77263 3.34658 6.64901 3.15232C6.52539 2.95806 6.46358 2.74172 6.46358 2.50331C6.46358 2.32671 6.49448 2.16336 6.55629 2.01325C6.62693 1.86313 6.71965 1.73068 6.83444 1.61589L8.09272 0.357616C8.19868 0.251656 8.32671 0.16777 8.47682 0.10596C8.62693 0.0353201 8.78587 0 8.95364 0C9.12141 0 9.28035 0.0353201 9.43046 0.10596C9.58057 0.16777 9.70861 0.251656 9.81457 0.357616L11.4172 1.96026C11.5938 2.1457 11.7351 2.35762 11.8411 2.59603C11.947 2.83444 12 3.09051 12 3.36424C12 3.56733 11.9691 3.76159 11.9073 3.94702C11.8543 4.13245 11.7748 4.30464 11.6689 4.46358V4.45033C11.5453 4.64459 11.3863 4.87417 11.1921 5.13907C10.9978 5.39514 10.7638 5.68653 10.4901 6.01325C10.2252 6.33996 9.91611 6.69757 9.56291 7.08609C9.20971 7.47461 8.80795 7.89846 8.35762 8.35762C7.89846 8.80795 7.47461 9.20971 7.08609 9.56291C6.69757 9.92494 6.33996 10.2384 6.01325 10.5033C5.68653 10.7682 5.39514 10.9978 5.13907 11.1921C4.87417 11.3863 4.64459 11.5453 4.45033 11.6689C4.30022 11.7748 4.13245 11.8543 3.94702 11.9073C3.76159 11.9691 3.56733 12 3.36424 12ZM2.47682 7.41722C2.4415 7.41722 2.40618 7.42605 2.37086 7.44371C2.34437 7.45254 2.31788 7.4702 2.29139 7.49669L1.03311 8.75497C1.00662 8.78146 0.984547 8.81236 0.966887 8.84768C0.949227 8.883 0.940397 8.91832 0.940397 8.95364C0.940397 8.98896 0.949227 9.02428 0.966887 9.0596C0.984547 9.09492 1.00662 9.12583 1.03311 9.15232L2.62252 10.755C2.71965 10.8433 2.83002 10.9183 2.95364 10.9801C3.08609 11.0331 3.22296 11.0596 3.36424 11.0596C3.4702 11.0596 3.57174 11.0464 3.66887 11.0199C3.766 10.9845 3.8543 10.9404 3.93377 10.8874C4.11921 10.7638 4.33554 10.6093 4.58278 10.4238C4.83885 10.2384 5.12141 10.0177 5.43046 9.76159C5.74834 9.50552 6.09272 9.2053 6.46358 8.86093C6.84327 8.52539 7.25386 8.13687 7.69536 7.69536C8.13687 7.26269 8.5298 6.85651 8.87417 6.47682C9.20971 6.09713 9.50552 5.75276 9.76159 5.44371C10.0265 5.12583 10.2472 4.84327 10.4238 4.59603C10.6093 4.33996 10.7638 4.11921 10.8874 3.93377C10.9404 3.8543 10.9801 3.766 11.0066 3.66887C11.0419 3.57174 11.0596 3.46578 11.0596 3.35099C11.0596 3.20971 11.0287 3.07726 10.9669 2.95364C10.9139 2.83002 10.8433 2.71965 10.755 2.62252L9.15232 1.01987C9.12583 0.993378 9.09492 0.975717 9.0596 0.966887C9.02428 0.949227 8.98896 0.940397 8.95364 0.940397C8.90949 0.940397 8.86976 0.949227 8.83444 0.966887C8.80795 0.975717 8.78146 0.993378 8.75497 1.01987L7.49669 2.27815C7.4702 2.30464 7.44812 2.33554 7.43046 2.37086C7.42163 2.40618 7.41722 2.4415 7.41722 2.47682C7.41722 2.48565 7.41722 2.49448 7.41722 2.50331C7.41722 2.51214 7.41722 2.52097 7.41722 2.5298C7.42605 2.57395 7.44371 2.61369 7.4702 2.64901C7.49669 2.68433 7.52759 2.71082 7.56291 2.72848L8.07947 2.99338C8.28256 3.09051 8.44592 3.2362 8.56954 3.43046C8.69316 3.62472 8.75497 3.84106 8.75497 4.07947C8.75497 4.22958 8.72848 4.37528 8.6755 4.51656C8.62252 4.64901 8.55188 4.76821 8.46358 4.87417C8.16336 5.22737 7.86755 5.56291 7.57616 5.8808C7.2936 6.18985 7.01545 6.48124 6.74172 6.75497C6.46799 7.0287 6.1766 7.30684 5.86755 7.5894C5.5585 7.87196 5.23179 8.15894 4.88742 8.45033C4.78146 8.53863 4.65784 8.60927 4.51656 8.66225C4.38411 8.71523 4.24283 8.74172 4.09272 8.74172C3.8543 8.74172 3.63797 8.67991 3.44371 8.55629C3.24945 8.43267 3.10375 8.27373 3.00662 8.07947V8.06623L2.74172 7.54967C2.72406 7.50552 2.69757 7.4702 2.66225 7.44371C2.62693 7.41722 2.5872 7.39956 2.54305 7.39073H2.5298L2.47682 7.41722Z\" fill=\"#777777\"><\/path><\/svg> <\/span>\t\t\t\t\t\t\t\t\t\t\t\t\t<\/div>\n\t\t\t\t\t<\/div>\n\t\t\t\t\n\t\t\t\t<div class=\"info-box-content\">\n\t\t\t\t\t\n\t\t\t\t\t\t\t\t\t\t\t<h4\t\t\t\t\t\tclass=\"info-box-title title box-title-style-default wd-fontsize-s\" data-elementor-setting-key=\"title\">\n\t\t\t\t\t\t\t\tTelefon: +48505449570\t\t\t\t\t\t<\/h4>\n\t\t\t\t\t\n\t\t\t\t\t<div class=\"info-box-inner set-cont-mb-s reset-last-child\"\n\t\t\t\t\t\t data-elementor-setting-key=\"content\">\n\t\t\t\t\t\t\t\t\t\t\t<\/div>\n\t\n\t\t\t\t\t\t\t\t\t<\/div>\n\t\t\t<\/div>\n\t\t<\/div>\n\t\t\t\t<\/div>\n\t\t\t\t<\/div>\n\t\t\t\t\t<\/div>\n\t\t<\/div>\n\t\t\t\t<div class=\"elementor-column elementor-col-50 elementor-top-column elementor-element elementor-element-a6a6990\" data-id=\"a6a6990\" data-element_type=\"column\">\n\t\t\t<div class=\"elementor-widget-wrap elementor-element-populated\">\n\t\t\t\t\t\t\t\t<div class=\"elementor-element elementor-element-db8668b elementor-widget elementor-widget-wd_infobox\" data-id=\"db8668b\" data-element_type=\"widget\" data-widget_type=\"wd_infobox.default\">\n\t\t\t\t<div class=\"elementor-widget-container\">\n\t\t\t\t\t<div class=\"info-box-wrapper\">\n\t\t\t<div class=\"wd-info-box text-left box-icon-align-left box-style-base color-scheme-\">\n\t\t\t\t\t\t\t\t\t<div class=\"box-icon-wrapper  box-with-icon box-icon-simple\">\n\t\t\t\t\t\t<div class=\"info-box-icon\">\n\t\t\t\t\t\t\t\t\t\t\t\t\t\t\t<span class=\"info-svg-wrapper info-icon\" style=\"width:40px; height:40px;\"><svg xmlns=\"http:\/\/www.w3.org\/2000\/svg\" id=\"svg-1655\" height=\"13px\" viewBox=\"0 0 479.058 479.058\" width=\"13px\" class=\"\"><g><path d=\"m434.146 59.882h-389.234c-24.766 0-44.912 20.146-44.912 44.912v269.47c0 24.766 20.146 44.912 44.912 44.912h389.234c24.766 0 44.912-20.146 44.912-44.912v-269.47c0-24.766-20.146-44.912-44.912-44.912zm0 29.941c2.034 0 3.969.422 5.738 1.159l-200.355 173.649-200.356-173.649c1.769-.736 3.704-1.159 5.738-1.159zm0 299.411h-389.234c-8.26 0-14.971-6.71-14.971-14.971v-251.648l199.778 173.141c2.822 2.441 6.316 3.655 9.81 3.655s6.988-1.213 9.81-3.655l199.778-173.141v251.649c-.001 8.26-6.711 14.97-14.971 14.97z\" data-original=\"#000000\" class=\"active-path\" data-old_color=\"#000000\" fill=\"#777777\"><\/path><\/g><\/svg> <\/span>\t\t\t\t\t\t\t\t\t\t\t\t\t<\/div>\n\t\t\t\t\t<\/div>\n\t\t\t\t\n\t\t\t\t<div class=\"info-box-content\">\n\t\t\t\t\t\n\t\t\t\t\t\t\t\t\t\t\t<h4\t\t\t\t\t\tclass=\"info-box-title title box-title-style-default wd-fontsize-s\" data-elementor-setting-key=\"title\">\n\t\t\t\t\t\t\t\tEmail:\t\t\t\t\t\t<\/h4>\n\t\t\t\t\t\n\t\t\t\t\t<div class=\"info-box-inner set-cont-mb-s reset-last-child\"\n\t\t\t\t\t\t data-elementor-setting-key=\"content\">\n\t\t\t\t\t\t<p><a href=\"mailto:office@abutment-implants.pl\">office@abutment-implants.pl<\/a><\/p>\n\t\t\t\t\t<\/div>\n\t\n\t\t\t\t\t\t\t\t\t<\/div>\n\t\t\t<\/div>\n\t\t<\/div>\n\t\t\t\t<\/div>\n\t\t\t\t<\/div>\n\t\t\t\t\t<\/div>\n\t\t<\/div>\n\t\t\t\t\t\t\t<\/div>\n\t\t<\/section>\n\t\t\t\t\t<\/div>\n\t\t<\/div>\n\t\t\t\t\t\t\t<\/div>\n\t\t<\/section>\n\t\t\t\t\t\t\t<\/div>\n\t\t","protected":false},"excerpt":{"rendered":"<p>WY\u015aLIJ WIADOMO\u015a\u0106 Skontaktuj si\u0119 z nami!\u00a0\u00a0Aby uzyska\u0107 spersonalizowane oferty, prosimy o kontakt za po\u015brednictwem tego formularza lub na whatsapp. Nume<\/p>\n","protected":false},"author":1,"featured_media":0,"parent":0,"menu_order":0,"comment_status":"closed","ping_status":"closed","template":"","meta":{"footnotes":""},"class_list":["post-651","page","type-page","status-publish","hentry"],"_links":{"self":[{"href":"https:\/\/abutment-implants.pl\/prezentacja\/wp-json\/wp\/v2\/pages\/651","targetHints":{"allow":["GET"]}}],"collection":[{"href":"https:\/\/abutment-implants.pl\/prezentacja\/wp-json\/wp\/v2\/pages"}],"about":[{"href":"https:\/\/abutment-implants.pl\/prezentacja\/wp-json\/wp\/v2\/types\/page"}],"author":[{"embeddable":true,"href":"https:\/\/abutment-implants.pl\/prezentacja\/wp-json\/wp\/v2\/users\/1"}],"replies":[{"embeddable":true,"href":"https:\/\/abutment-implants.pl\/prezentacja\/wp-json\/wp\/v2\/comments?post=651"}],"version-history":[{"count":47,"href":"https:\/\/abutment-implants.pl\/prezentacja\/wp-json\/wp\/v2\/pages\/651\/revisions"}],"predecessor-version":[{"id":11629,"href":"https:\/\/abutment-implants.pl\/prezentacja\/wp-json\/wp\/v2\/pages\/651\/revisions\/11629"}],"wp:attachment":[{"href":"https:\/\/abutment-implants.pl\/prezentacja\/wp-json\/wp\/v2\/media?parent=651"}],"curies":[{"name":"wp","href":"https:\/\/api.w.org\/{rel}","templated":true}]}}