{"id":11220,"date":"2021-06-05T19:27:35","date_gmt":"2021-06-05T19:27:35","guid":{"rendered":"https:\/\/www.abutment.ro\/?page_id=11220"},"modified":"2022-11-30T16:01:40","modified_gmt":"2022-11-30T16:01:40","slug":"categorii-produse","status":"publish","type":"page","link":"https:\/\/abutment-implants.pl\/prezentacja\/categorii-produse\/","title":{"rendered":"Kategorie produkt\u00f3w"},"content":{"rendered":"\t\t<div data-elementor-type=\"wp-page\" data-elementor-id=\"11220\" class=\"elementor elementor-11220\">\n\t\t\t\t\t\t\t\t\t<section class=\"elementor-section elementor-top-section elementor-element elementor-element-ae19c09 elementor-section-boxed elementor-section-height-default elementor-section-height-default wd-section-disabled\" data-id=\"ae19c09\" data-element_type=\"section\">\n\t\t\t\t\t\t<div class=\"elementor-container elementor-column-gap-default\">\n\t\t\t\t\t<div class=\"elementor-column elementor-col-100 elementor-top-column elementor-element elementor-element-42c7631\" data-id=\"42c7631\" data-element_type=\"column\">\n\t\t\t<div class=\"elementor-widget-wrap elementor-element-populated\">\n\t\t\t\t\t\t\t\t<div class=\"elementor-element elementor-element-70e7993 elementor-widget elementor-widget-spacer\" data-id=\"70e7993\" data-element_type=\"widget\" data-widget_type=\"spacer.default\">\n\t\t\t\t<div class=\"elementor-widget-container\">\n\t\t\t\t\t<div class=\"elementor-spacer\">\n\t\t\t<div class=\"elementor-spacer-inner\"><\/div>\n\t\t<\/div>\n\t\t\t\t<\/div>\n\t\t\t\t<\/div>\n\t\t\t\t\t<\/div>\n\t\t<\/div>\n\t\t\t\t\t\t\t<\/div>\n\t\t<\/section>\n\t\t\t\t<section class=\"elementor-section elementor-top-section elementor-element elementor-element-f03eb41 elementor-section-boxed elementor-section-height-default elementor-section-height-default wd-section-disabled\" data-id=\"f03eb41\" data-element_type=\"section\">\n\t\t\t\t\t\t<div class=\"elementor-container elementor-column-gap-default\">\n\t\t\t\t\t<div class=\"elementor-column elementor-col-100 elementor-top-column elementor-element elementor-element-7b88ce0\" data-id=\"7b88ce0\" data-element_type=\"column\">\n\t\t\t<div class=\"elementor-widget-wrap elementor-element-populated\">\n\t\t\t\t\t\t\t\t<div class=\"elementor-element elementor-element-81ea6a1 elementor-widget elementor-widget-heading\" data-id=\"81ea6a1\" data-element_type=\"widget\" data-widget_type=\"heading.default\">\n\t\t\t\t<div class=\"elementor-widget-container\">\n\t\t\t<h2 class=\"elementor-heading-title elementor-size-default\">Kategorie produkt\u00f3w<\/h2>\t\t<\/div>\n\t\t\t\t<\/div>\n\t\t\t\t\t<\/div>\n\t\t<\/div>\n\t\t\t\t\t\t\t<\/div>\n\t\t<\/section>\n\t\t\t\t<section class=\"elementor-section elementor-top-section elementor-element elementor-element-0b83a36 elementor-section-boxed elementor-section-height-default elementor-section-height-default wd-section-disabled\" data-id=\"0b83a36\" data-element_type=\"section\">\n\t\t\t\t\t\t<div class=\"elementor-container elementor-column-gap-default\">\n\t\t\t\t\t<div class=\"elementor-column elementor-col-100 elementor-top-column elementor-element elementor-element-27334aa\" data-id=\"27334aa\" data-element_type=\"column\">\n\t\t\t<div class=\"elementor-widget-wrap elementor-element-populated\">\n\t\t\t\t\t\t\t\t<div class=\"elementor-element elementor-element-b3abd93 color-scheme-inherit text-left elementor-widget elementor-widget-text-editor\" data-id=\"b3abd93\" data-element_type=\"widget\" data-widget_type=\"text-editor.default\">\n\t\t\t\t<div class=\"elementor-widget-container\">\n\t\t\t\t\t\t\t<p>Nasze nadbudowy s\u0105 zaprojektowane tak, aby idealnie pasowa\u0142y do innych system\u00f3w i narz\u0119dzi oryginalnych marek.\u00a0Istnieje szeroka gama nadbud\u00f3w, kt\u00f3rych interfejs mo\u017cna wybra\u0107 w zale\u017cno\u015bci od po\u017c\u0105danego systemu.\u00a0<\/p><p>HEALING CAP Jego zadaniem jest zapewnienie prawid\u0142owego gojenia si\u0119 tkanki dzi\u0105s\u0142owej, pod\u0105\u017caj\u0105c za anatomicznym kszta\u0142tem w szeroko\u015bci odpowiadaj\u0105cej \u015brednicy implantu.<\/p><p>ANALOG Funkcja implantu technicznego polega na transpozycji implantu na model wykonany z gipsu lub innego materia\u0142u w celu stworzenia protezy.<\/p><p>TRANSFER Urz\u0105dzenie s\u0142u\u017c\u0105ce do przygotowania modelu roboczego, kt\u00f3re mo\u017ce by\u0107 stosowane do czerpaka zamkni\u0119tego lub otwartego,<\/p><p>HEXED OR HEXLESS MOULDING BRIDGES W przypadku most\u00f3w formowanych wymagany jest element modeluj\u0105cy pozycjonowany w celu wykonania formy, wok\u00f3\u0142 kt\u00f3rej wykonuje si\u0119 anatomiczny kszta\u0142t z\u0119ba.<\/p><p>Element \u0142\u0105czony, kt\u00f3rego podstawa pasuje do implantu i jest wykonana z materia\u0142u Co-Cr.\u00a0Podczas odlewania metalu, osadzona w formie podstawa Co-Cr \u0142\u0105czy si\u0119 z odlewanym materia\u0142em.<\/p><p>HEX OR NON HEX TEMPORARY BRIDGES Plastyczna nadbudowa pozycjonowana w celu wykonania protezy tymczasowej.<\/p><p>TITANIUM TEMPORARY BRIDGES WITH HEX OR NON HEX Nadbudowa tytanowa pozycjonowana w celu wykonania protezy tymczasowej.<\/p><p>W\u0104SKIE BRY\u0141Y TYTANOWE DO CEMENTOWANIA W\u0105ska prosta g\u0142owa s\u0142u\u017cy do wykonania cementowanej protezy, kt\u00f3ra wymaga niewiele miejsca.<\/p><p>ANGLED TITANIUM BRIDGES FOR CEMENTARY WORK Aby wykona\u0107 protez\u0119 cementowan\u0105 z niewielk\u0105 ilo\u015bci\u0105 miejsca, mo\u017cna je zastosowa\u0107, gdy o\u015b implantu odbiega o 15-25\u00b0 od osi z\u0119b\u00f3w naturalnych.<\/p><p>BENTURES BALL Zdejmowane mocowania stomatologiczne z kulistymi g\u0142owicami tytanowymi, dost\u0119pne w kilku rozmiarach.<\/p><p>LOCATOR BRIDGE Zdejmowane tytanowe mocowanie stomatologiczne z ko\u0142nierzem toroidalnym, dost\u0119pne w r\u00f3\u017cnych rozmiarach.<\/p><p>ZESTAW WPROWADZAJ\u0104CY<\/p><p>MULTI-UNIT STRAIGHT BRIDGE Dzi\u0119ki zredukowanej sto\u017ckowej g\u0142owie, proteza mo\u017ce by\u0107 r\u00f3wnie\u017c umieszczona na implantach paracentrycznych z precyzyjnym dopasowaniem, kt\u00f3re jest mocowane za pomoc\u0105 \u015bruby.Dost\u0119pne w r\u00f3\u017cnych rozmiarach.<\/p><p>MULTI-UNIT ANGLED BRIDGE Urz\u0105dzenie opracowane dla du\u017cych odchyle\u0144 k\u0105towych (&gt; 17,30\u00b0).Mo\u017ce by\u0107 przymocowane do implantu za pomoc\u0105 \u015bruby przelotowej, a proteza mo\u017ce by\u0107 przymocowana do sto\u017cka \u0142\u0105cznika za pomoc\u0105 \u015bruby.Dost\u0119pne w r\u00f3\u017cnych rozmiarach.<\/p><p>TYTANOWE LUB KALCYNOWANE PODSTAWY DLA PROSTYCH LUB K\u0104TOWYCH JEDNOSTEK WIELOCZ\u0141ONOWYCH<\/p><p>ELEMENTY CAD-CAM<\/p><p>BAZA TYTANOWA Z HEX I NON HEX Zapewnia precyzyjne po\u0142\u0105czenie mi\u0119dzy implantem a protez\u0105, je\u015bli materia\u0142 podstawy protezy nie zapewnia odpowiedniej stabilno\u015bci.\u00a0Zazwyczaj stosowane do protez z tworzyw sztucznych i cyrkonu.<\/p><p>MOSTEK SKANUJ\u0104CY DO U\u017bYTKU LABORATORYJNEGO LUB BIUROWEGO<\/p><p>Nadbudowa stosowana w technologii CAD-CAM, skanowanie, g\u0142\u00f3wnie dla koron solowych.\u00a0S\u0142u\u017cy on do okre\u015blenia pozycji implantu w jamie ustnej.<\/p>\t\t\t\t\t\t<\/div>\n\t\t\t\t<\/div>\n\t\t\t\t\t<\/div>\n\t\t<\/div>\n\t\t\t\t\t\t\t<\/div>\n\t\t<\/section>\n\t\t\t\t\t\t\t<\/div>\n\t\t","protected":false},"excerpt":{"rendered":"<p>Kategorie produkt\u00f3w Nasze nadbudowy s\u0105 zaprojektowane tak, aby idealnie pasowa\u0142y do innych system\u00f3w i narz\u0119dzi oryginalnych marek.\u00a0Istnieje szeroka gama nadbud\u00f3w,<\/p>\n","protected":false},"author":1,"featured_media":0,"parent":0,"menu_order":0,"comment_status":"closed","ping_status":"closed","template":"elementor_header_footer","meta":{"footnotes":""},"class_list":["post-11220","page","type-page","status-publish","hentry"],"_links":{"self":[{"href":"https:\/\/abutment-implants.pl\/prezentacja\/wp-json\/wp\/v2\/pages\/11220","targetHints":{"allow":["GET"]}}],"collection":[{"href":"https:\/\/abutment-implants.pl\/prezentacja\/wp-json\/wp\/v2\/pages"}],"about":[{"href":"https:\/\/abutment-implants.pl\/prezentacja\/wp-json\/wp\/v2\/types\/page"}],"author":[{"embeddable":true,"href":"https:\/\/abutment-implants.pl\/prezentacja\/wp-json\/wp\/v2\/users\/1"}],"replies":[{"embeddable":true,"href":"https:\/\/abutment-implants.pl\/prezentacja\/wp-json\/wp\/v2\/comments?post=11220"}],"version-history":[{"count":15,"href":"https:\/\/abutment-implants.pl\/prezentacja\/wp-json\/wp\/v2\/pages\/11220\/revisions"}],"predecessor-version":[{"id":11580,"href":"https:\/\/abutment-implants.pl\/prezentacja\/wp-json\/wp\/v2\/pages\/11220\/revisions\/11580"}],"wp:attachment":[{"href":"https:\/\/abutment-implants.pl\/prezentacja\/wp-json\/wp\/v2\/media?parent=11220"}],"curies":[{"name":"wp","href":"https:\/\/api.w.org\/{rel}","templated":true}]}}