{"id":10585,"date":"2021-05-17T19:02:44","date_gmt":"2021-05-17T19:02:44","guid":{"rendered":"https:\/\/www.abutment.ro\/prezentare\/?page_id=10585"},"modified":"2022-11-30T16:00:49","modified_gmt":"2022-11-30T16:00:49","slug":"partnerzy","status":"publish","type":"page","link":"https:\/\/abutment-implants.pl\/prezentacja\/partnerzy\/","title":{"rendered":"Partnerzy"},"content":{"rendered":"\t\t<div data-elementor-type=\"wp-page\" data-elementor-id=\"10585\" class=\"elementor elementor-10585\">\n\t\t\t\t\t\t\t\t\t<section class=\"elementor-section elementor-top-section elementor-element elementor-element-9d8b63c elementor-section-boxed elementor-section-height-default elementor-section-height-default wd-section-disabled\" data-id=\"9d8b63c\" data-element_type=\"section\">\n\t\t\t\t\t\t<div class=\"elementor-container elementor-column-gap-default\">\n\t\t\t\t\t<div class=\"elementor-column elementor-col-100 elementor-top-column elementor-element elementor-element-d7427f3\" data-id=\"d7427f3\" data-element_type=\"column\">\n\t\t\t<div class=\"elementor-widget-wrap elementor-element-populated\">\n\t\t\t\t\t\t\t\t<div class=\"elementor-element elementor-element-92653db elementor-widget elementor-widget-spacer\" data-id=\"92653db\" data-element_type=\"widget\" data-widget_type=\"spacer.default\">\n\t\t\t\t<div class=\"elementor-widget-container\">\n\t\t\t\t\t<div class=\"elementor-spacer\">\n\t\t\t<div class=\"elementor-spacer-inner\"><\/div>\n\t\t<\/div>\n\t\t\t\t<\/div>\n\t\t\t\t<\/div>\n\t\t\t\t\t<\/div>\n\t\t<\/div>\n\t\t\t\t\t\t\t<\/div>\n\t\t<\/section>\n\t\t\t\t<section class=\"elementor-section elementor-top-section elementor-element elementor-element-a56044b elementor-section-boxed elementor-section-height-default elementor-section-height-default wd-section-disabled\" data-id=\"a56044b\" data-element_type=\"section\">\n\t\t\t\t\t\t<div class=\"elementor-container elementor-column-gap-default\">\n\t\t\t\t\t<div class=\"elementor-column elementor-col-100 elementor-top-column elementor-element elementor-element-ff7ca7a\" data-id=\"ff7ca7a\" data-element_type=\"column\">\n\t\t\t<div class=\"elementor-widget-wrap elementor-element-populated\">\n\t\t\t\t\t\t\t\t<div class=\"elementor-element elementor-element-ac9ec5e elementor-widget elementor-widget-heading\" data-id=\"ac9ec5e\" data-element_type=\"widget\" data-widget_type=\"heading.default\">\n\t\t\t\t<div class=\"elementor-widget-container\">\n\t\t\t<h2 class=\"elementor-heading-title elementor-size-default\">Nasze produkty s\u0105 doceniane przez lekarzy i technik\u00f3w dentystycznych w ca\u0142ym kraju.<\/h2>\t\t<\/div>\n\t\t\t\t<\/div>\n\t\t\t\t<div class=\"elementor-element elementor-element-4bf18eb text-center color-scheme-inherit elementor-widget elementor-widget-text-editor\" data-id=\"4bf18eb\" data-element_type=\"widget\" data-widget_type=\"text-editor.default\">\n\t\t\t\t<div class=\"elementor-widget-container\">\n\t\t\t\t\t\t\t<p>15 000 protez sprzedanych w ca\u0142ym kraju bez reklamacji<\/p>\t\t\t\t\t\t<\/div>\n\t\t\t\t<\/div>\n\t\t\t\t\t<\/div>\n\t\t<\/div>\n\t\t\t\t\t\t\t<\/div>\n\t\t<\/section>\n\t\t\t\t<section class=\"elementor-section elementor-top-section elementor-element elementor-element-13d85fa elementor-section-boxed elementor-section-height-default elementor-section-height-default wd-section-disabled\" data-id=\"13d85fa\" data-element_type=\"section\">\n\t\t\t\t\t\t<div class=\"elementor-container elementor-column-gap-default\">\n\t\t\t\t\t<div class=\"elementor-column elementor-col-100 elementor-top-column elementor-element elementor-element-ba49d1a\" data-id=\"ba49d1a\" data-element_type=\"column\">\n\t\t\t<div class=\"elementor-widget-wrap elementor-element-populated\">\n\t\t\t\t\t\t\t\t<div class=\"elementor-element elementor-element-168bb97 color-scheme-inherit text-left elementor-widget elementor-widget-text-editor\" data-id=\"168bb97\" data-element_type=\"widget\" data-widget_type=\"text-editor.default\">\n\t\t\t\t<div class=\"elementor-widget-container\">\n\t\t\t\t\t\t\t<p><div id=\"mapsvg-11275\" class=\"mapsvg\"><\/div><\/p>\t\t\t\t\t\t<\/div>\n\t\t\t\t<\/div>\n\t\t\t\t\t<\/div>\n\t\t<\/div>\n\t\t\t\t\t\t\t<\/div>\n\t\t<\/section>\n\t\t\t\t\t\t\t<\/div>\n\t\t","protected":false},"excerpt":{"rendered":"<p>Nasze produkty s\u0105 doceniane przez lekarzy i technik\u00f3w dentystycznych w ca\u0142ym kraju. 15 000 protez sprzedanych w ca\u0142ym kraju bez<\/p>\n","protected":false},"author":1,"featured_media":0,"parent":0,"menu_order":0,"comment_status":"closed","ping_status":"closed","template":"elementor_header_footer","meta":{"footnotes":""},"class_list":["post-10585","page","type-page","status-publish","hentry"],"_links":{"self":[{"href":"https:\/\/abutment-implants.pl\/prezentacja\/wp-json\/wp\/v2\/pages\/10585","targetHints":{"allow":["GET"]}}],"collection":[{"href":"https:\/\/abutment-implants.pl\/prezentacja\/wp-json\/wp\/v2\/pages"}],"about":[{"href":"https:\/\/abutment-implants.pl\/prezentacja\/wp-json\/wp\/v2\/types\/page"}],"author":[{"embeddable":true,"href":"https:\/\/abutment-implants.pl\/prezentacja\/wp-json\/wp\/v2\/users\/1"}],"replies":[{"embeddable":true,"href":"https:\/\/abutment-implants.pl\/prezentacja\/wp-json\/wp\/v2\/comments?post=10585"}],"version-history":[{"count":30,"href":"https:\/\/abutment-implants.pl\/prezentacja\/wp-json\/wp\/v2\/pages\/10585\/revisions"}],"predecessor-version":[{"id":11573,"href":"https:\/\/abutment-implants.pl\/prezentacja\/wp-json\/wp\/v2\/pages\/10585\/revisions\/11573"}],"wp:attachment":[{"href":"https:\/\/abutment-implants.pl\/prezentacja\/wp-json\/wp\/v2\/media?parent=10585"}],"curies":[{"name":"wp","href":"https:\/\/api.w.org\/{rel}","templated":true}]}}