{"id":10022,"date":"2021-03-18T12:42:03","date_gmt":"2021-03-18T12:42:03","guid":{"rendered":"http:\/\/dummy.xtemos.com\/woodmart-elementor\/demos\/?page_id=10022"},"modified":"2022-12-29T09:43:39","modified_gmt":"2022-12-29T09:43:39","slug":"korzysci","status":"publish","type":"page","link":"https:\/\/abutment-implants.pl\/prezentacja\/korzysci\/","title":{"rendered":"Korzy\u015bci"},"content":{"rendered":"\t\t<div data-elementor-type=\"wp-page\" data-elementor-id=\"10022\" class=\"elementor elementor-10022\">\n\t\t\t\t\t\t\t\t\t<section class=\"elementor-section elementor-top-section elementor-element elementor-element-d70a375 elementor-section-boxed elementor-section-height-default elementor-section-height-default wd-section-disabled\" data-id=\"d70a375\" data-element_type=\"section\">\n\t\t\t\t\t\t<div class=\"elementor-container elementor-column-gap-default\">\n\t\t\t\t\t<div class=\"elementor-column elementor-col-100 elementor-top-column elementor-element elementor-element-68b3753\" data-id=\"68b3753\" data-element_type=\"column\">\n\t\t\t<div class=\"elementor-widget-wrap elementor-element-populated\">\n\t\t\t\t\t\t\t\t<div class=\"elementor-element elementor-element-217c9d3 elementor-widget elementor-widget-spacer\" data-id=\"217c9d3\" data-element_type=\"widget\" data-widget_type=\"spacer.default\">\n\t\t\t\t<div class=\"elementor-widget-container\">\n\t\t\t\t\t<div class=\"elementor-spacer\">\n\t\t\t<div class=\"elementor-spacer-inner\"><\/div>\n\t\t<\/div>\n\t\t\t\t<\/div>\n\t\t\t\t<\/div>\n\t\t\t\t\t<\/div>\n\t\t<\/div>\n\t\t\t\t\t\t\t<\/div>\n\t\t<\/section>\n\t\t\t\t<section class=\"elementor-section elementor-top-section elementor-element elementor-element-e4da19d elementor-section-boxed elementor-section-height-default elementor-section-height-default wd-section-disabled\" data-id=\"e4da19d\" data-element_type=\"section\">\n\t\t\t\t\t\t<div class=\"elementor-container elementor-column-gap-default\">\n\t\t\t\t\t<div class=\"elementor-column elementor-col-100 elementor-top-column elementor-element elementor-element-4004171\" data-id=\"4004171\" data-element_type=\"column\">\n\t\t\t<div class=\"elementor-widget-wrap elementor-element-populated\">\n\t\t\t\t\t\t\t\t<div class=\"elementor-element elementor-element-6a507b3 elementor-widget elementor-widget-wd_title\" data-id=\"6a507b3\" data-element_type=\"widget\" data-widget_type=\"wd_title.default\">\n\t\t\t\t<div class=\"elementor-widget-container\">\n\t\t\t\t\t\t<link rel=\"stylesheet\" id=\"wd-section-title-css\" href=\"https:\/\/abutment-implants.pl\/prezentacja\/wp-content\/themes\/woodmart\/css\/parts\/el-section-title.min.css?ver=6.0.4\" type=\"text\/css\" media=\"all\" \/> \t\t\t\t\t<div class=\"title-wrapper set-mb-s reset-last-child wd-title-color-primary wd-title-style-default wd-title-size-large text-center\">\n\n\t\t\t\t\t\t\t<div class=\"title-subtitle subtitle-color-primary subtitle-style-default wd-fontsize-xs\">\n\t\t\t\t\tZESP\u00d3\u0141 ABUTMENTOWY\t\t\t\t<\/div>\n\t\t\t\n\t\t\t<div class=\"liner-continer\">\n\n\t\t\t\t<h4 class=\"woodmart-title-container title wd-fontsize-xxl\">\n\t\t\t\t\tKorzy\u015bci z pracy z nami\t\t\t\t<\/h4>\n\n\t\t\t\t\n\t\t\t<\/div>\n\n\t\t\t\t\t<\/div>\n\t\t\t\t<\/div>\n\t\t\t\t<\/div>\n\t\t\t\t<div class=\"elementor-element elementor-element-264a39a elementor-widget elementor-widget-spacer\" data-id=\"264a39a\" data-element_type=\"widget\" data-widget_type=\"spacer.default\">\n\t\t\t\t<div class=\"elementor-widget-container\">\n\t\t\t\t\t<div class=\"elementor-spacer\">\n\t\t\t<div class=\"elementor-spacer-inner\"><\/div>\n\t\t<\/div>\n\t\t\t\t<\/div>\n\t\t\t\t<\/div>\n\t\t\t\t\t<\/div>\n\t\t<\/div>\n\t\t\t\t\t\t\t<\/div>\n\t\t<\/section>\n\t\t\t\t<section class=\"elementor-section elementor-top-section elementor-element elementor-element-b35662f elementor-section-content-middle wd-section-stretch elementor-section-boxed elementor-section-height-default elementor-section-height-default\" data-id=\"b35662f\" data-element_type=\"section\" data-settings=\"{&quot;background_background&quot;:&quot;classic&quot;,&quot;shape_divider_top&quot;:&quot;waves&quot;,&quot;shape_divider_bottom&quot;:&quot;waves&quot;}\">\n\t\t\t\t\t<div class=\"elementor-shape elementor-shape-top\" data-negative=\"false\">\n\t\t\t<svg xmlns=\"http:\/\/www.w3.org\/2000\/svg\" viewBox=\"0 0 1000 100\" preserveAspectRatio=\"none\">\n\t<path class=\"elementor-shape-fill\" d=\"M421.9,6.5c22.6-2.5,51.5,0.4,75.5,5.3c23.6,4.9,70.9,23.5,100.5,35.7c75.8,32.2,133.7,44.5,192.6,49.7\n\tc23.6,2.1,48.7,3.5,103.4-2.5c54.7-6,106.2-25.6,106.2-25.6V0H0v30.3c0,0,72,32.6,158.4,30.5c39.2-0.7,92.8-6.7,134-22.4\n\tc21.2-8.1,52.2-18.2,79.7-24.2C399.3,7.9,411.6,7.5,421.9,6.5z\"\/>\n<\/svg>\t\t<\/div>\n\t\t\t\t<div class=\"elementor-shape elementor-shape-bottom\" data-negative=\"false\">\n\t\t\t<svg xmlns=\"http:\/\/www.w3.org\/2000\/svg\" viewBox=\"0 0 1000 100\" preserveAspectRatio=\"none\">\n\t<path class=\"elementor-shape-fill\" d=\"M421.9,6.5c22.6-2.5,51.5,0.4,75.5,5.3c23.6,4.9,70.9,23.5,100.5,35.7c75.8,32.2,133.7,44.5,192.6,49.7\n\tc23.6,2.1,48.7,3.5,103.4-2.5c54.7-6,106.2-25.6,106.2-25.6V0H0v30.3c0,0,72,32.6,158.4,30.5c39.2-0.7,92.8-6.7,134-22.4\n\tc21.2-8.1,52.2-18.2,79.7-24.2C399.3,7.9,411.6,7.5,421.9,6.5z\"\/>\n<\/svg>\t\t<\/div>\n\t\t\t\t\t<div class=\"elementor-container elementor-column-gap-default\">\n\t\t\t\t\t<div class=\"elementor-column elementor-col-100 elementor-top-column elementor-element elementor-element-94db4d4\" data-id=\"94db4d4\" data-element_type=\"column\">\n\t\t\t<div class=\"elementor-widget-wrap elementor-element-populated\">\n\t\t\t\t\t\t\t\t<section class=\"elementor-section elementor-inner-section elementor-element elementor-element-c148fec elementor-section-boxed elementor-section-height-default elementor-section-height-default wd-section-disabled\" data-id=\"c148fec\" data-element_type=\"section\">\n\t\t\t\t\t\t<div class=\"elementor-container elementor-column-gap-default\">\n\t\t\t\t\t<div class=\"elementor-column elementor-col-50 elementor-inner-column elementor-element elementor-element-16f8300\" data-id=\"16f8300\" data-element_type=\"column\">\n\t\t\t<div class=\"elementor-widget-wrap elementor-element-populated\">\n\t\t\t\t\t\t\t\t<div class=\"elementor-element elementor-element-01981da elementor-widget elementor-widget-wd_infobox\" data-id=\"01981da\" data-element_type=\"widget\" data-widget_type=\"wd_infobox.default\">\n\t\t\t\t<div class=\"elementor-widget-container\">\n\t\t\t\t\t\t<link rel=\"stylesheet\" id=\"wd-info-box-css\" href=\"https:\/\/abutment-implants.pl\/prezentacja\/wp-content\/themes\/woodmart\/css\/parts\/el-info-box.min.css?ver=6.0.4\" type=\"text\/css\" media=\"all\" \/> \t\t\t\t\t<div class=\"info-box-wrapper\">\n\t\t\t<div class=\"wd-info-box text-left box-icon-align-top box-style-bg-hover color-scheme- color-scheme-hover-light cursor-pointer\"onclick=\"window.location.href='#'\">\n\t\t\t\t\t\t\t\t\t<div class=\"box-icon-wrapper  box-with-icon box-icon-simple\">\n\t\t\t\t\t\t<div class=\"info-box-icon\">\n\t\t\t\t\t\t\t\t\t\t\t\t\t\t\t<img decoding=\"async\" src=\"https:\/\/abutment-implants.pl\/prezentacja\/wp-content\/uploads\/elementor\/thumbs\/shield-p7glcvosyszzzqf3geiw7ti6bs62pvad58enluayou.png\" title=\"shield\" alt=\"shield\" \/>\t\t\t\t\t\t\t\t\t\t\t\t\t<\/div>\n\t\t\t\t\t<\/div>\n\t\t\t\t\n\t\t\t\t<div class=\"info-box-content\">\n\t\t\t\t\t\n\t\t\t\t\t\t\t\t\t\t\t<h4\t\t\t\t\t\tclass=\"info-box-title title box-title-style-default wd-fontsize-m\" data-elementor-setting-key=\"title\">\n\t\t\t\t\t\t\t\tProdukty z certyfikatami CE i ISO\t\t\t\t\t\t<\/h4>\n\t\t\t\t\t\n\t\t\t\t\t<div class=\"info-box-inner set-cont-mb-s reset-last-child\"\n\t\t\t\t\t\t data-elementor-setting-key=\"content\">\n\t\t\t\t\t\t<p>ISO 9001 - System Zarz\u0105dzania Jako\u015bci\u0105<br \/>ISO 13485 - System zarz\u0105dzania jako\u015bci\u0105 w produkcji i marketingu sprz\u0119tu i wyrob\u00f3w medycznych<\/p>\n<p>\u00a0 <img loading=\"lazy\" decoding=\"async\" class=\"alignnone wp-image-11003\" src=\"https:\/\/www.abutment.ro\/prezentare\/wp-content\/uploads\/2021\/06\/200px-Conformite_Europeenne_logo.svg.png\" alt=\"\" width=\"72\" height=\"51\" \/><img loading=\"lazy\" decoding=\"async\" class=\"alignnone wp-image-11002\" src=\"https:\/\/www.abutment.ro\/prezentare\/wp-content\/uploads\/2021\/06\/hbanner-300x197.png\" alt=\"\" width=\"105\" height=\"69\" srcset=\"https:\/\/abutment-implants.pl\/prezentacja\/wp-content\/uploads\/2021\/06\/hbanner-300x197.png 300w, https:\/\/abutment-implants.pl\/prezentacja\/wp-content\/uploads\/2021\/06\/hbanner.png 488w\" sizes=\"auto, (max-width: 105px) 100vw, 105px\" \/><\/p>\n\t\t\t\t\t<\/div>\n\t\n\t\t\t\t\t\t\t\t\t<\/div>\n\t\t\t<\/div>\n\t\t<\/div>\n\t\t\t\t<\/div>\n\t\t\t\t<\/div>\n\t\t\t\t<div class=\"elementor-element elementor-element-cbc7530 elementor-widget elementor-widget-wd_infobox\" data-id=\"cbc7530\" data-element_type=\"widget\" data-widget_type=\"wd_infobox.default\">\n\t\t\t\t<div class=\"elementor-widget-container\">\n\t\t\t\t\t<div class=\"info-box-wrapper\">\n\t\t\t<div class=\"wd-info-box text-left box-icon-align-top box-style-bg-hover color-scheme- color-scheme-hover-light cursor-pointer\"onclick=\"window.location.href='#'\">\n\t\t\t\t\t\t\t\t\t<div class=\"box-icon-wrapper  box-with-icon box-icon-simple\">\n\t\t\t\t\t\t<div class=\"info-box-icon\">\n\t\t\t\t\t\t\t\t\t\t\t\t\t\t\t<img decoding=\"async\" src=\"https:\/\/abutment-implants.pl\/prezentacja\/wp-content\/uploads\/elementor\/thumbs\/back-in-time-p7gnj8igom9htilowruakjoh13yldjcu926st84hzy.png\" title=\"back-in-time\" alt=\"back-in-time\" \/>\t\t\t\t\t\t\t\t\t\t\t\t\t<\/div>\n\t\t\t\t\t<\/div>\n\t\t\t\t\n\t\t\t\t<div class=\"info-box-content\">\n\t\t\t\t\t\n\t\t\t\t\t\t\t\t\t\t\t<h4\t\t\t\t\t\tclass=\"info-box-title title box-title-style-default wd-fontsize-m\" data-elementor-setting-key=\"title\">\n\t\t\t\t\t\t\t\tOszcz\u0119dzaj czas - wszystko czego potrzebujesz w jednym miejscu\t\t\t\t\t\t<\/h4>\n\t\t\t\t\t\n\t\t\t\t\t<div class=\"info-box-inner set-cont-mb-s reset-last-child\"\n\t\t\t\t\t\t data-elementor-setting-key=\"content\">\n\t\t\t\t\t\t<p>To nie jest kwestia jako\u015bci, wszystkie nasze kompatybilne cz\u0119\u015bci s\u0105 certyfikowane i produkowane przy u\u017cyciu najlepszych materia\u0142\u00f3w i metod produkcji.<br \/>To w\u0142a\u015bnie system sprzeda\u017cy \"online\" pozwala nam na obni\u017cenie ceny naszych produkt\u00f3w, poniewa\u017c w systemie \"offline\" p\u0142aci si\u0119 nie tylko za produkty, ale tak\u017ce za utrzymanie dzia\u0142u sprzeda\u017cy z\u0142o\u017conego z dyrektor\u00f3w, przedstawicieli i kierownik\u00f3w rejon\u00f3w.<\/p>\n<p>Naszym agentem handlowym jest strona www.abutment.ro, jeste\u015bmy zawsze do Twojej dyspozycji, ale tylko wtedy, gdy nas szukasz, \u017cadnych telefon\u00f3w, \u017cadnych niespodziewanych wizyt, \u017cadnych niechcianych przerw.<\/p>\n\t\t\t\t\t<\/div>\n\t\n\t\t\t\t\t\t\t\t\t<\/div>\n\t\t\t<\/div>\n\t\t<\/div>\n\t\t\t\t<\/div>\n\t\t\t\t<\/div>\n\t\t\t\t\t<\/div>\n\t\t<\/div>\n\t\t\t\t<div class=\"elementor-column elementor-col-50 elementor-top-column elementor-element elementor-element-30b54d5\" data-id=\"30b54d5\" data-element_type=\"column\">\n\t\t\t<div class=\"elementor-widget-wrap elementor-element-populated\">\n\t\t\t\t\t\t\t\t<div class=\"elementor-element elementor-element-3d491aa elementor-widget elementor-widget-wd_infobox\" data-id=\"3d491aa\" data-element_type=\"widget\" data-widget_type=\"wd_infobox.default\">\n\t\t\t\t<div class=\"elementor-widget-container\">\n\t\t\t\t\t<div class=\"info-box-wrapper\">\n\t\t\t<div class=\"wd-info-box text-left box-icon-align-top box-style-bg-hover color-scheme- color-scheme-hover-light cursor-pointer\"onclick=\"window.location.href='#'\">\n\t\t\t\t\t\t\t\t\t<div class=\"box-icon-wrapper  box-with-icon box-icon-simple\">\n\t\t\t\t\t\t<div class=\"info-box-icon\">\n\t\t\t\t\t\t\t\t\t\t\t\t\t\t\t<img decoding=\"async\" src=\"https:\/\/abutment-implants.pl\/prezentacja\/wp-content\/uploads\/elementor\/thumbs\/insignia-p7gmdl9vvv95fh3f39sclk09jj85cb0yuxnccvvfoe.png\" title=\"insignia\" alt=\"insignia\" \/>\t\t\t\t\t\t\t\t\t\t\t\t\t<\/div>\n\t\t\t\t\t<\/div>\n\t\t\t\t\n\t\t\t\t<div class=\"info-box-content\">\n\t\t\t\t\t\n\t\t\t\t\t\t\t\t\t\t\t<h4\t\t\t\t\t\tclass=\"info-box-title title box-title-style-default wd-fontsize-m\" data-elementor-setting-key=\"title\">\n\t\t\t\t\t\t\t\tJako\u015b\u0107 produktu\t\t\t\t\t\t<\/h4>\n\t\t\t\t\t\n\t\t\t\t\t<div class=\"info-box-inner set-cont-mb-s reset-last-child\"\n\t\t\t\t\t\t data-elementor-setting-key=\"content\">\n\t\t\t\t\t\t<p>Jako\u015b\u0107 produktu jest gwarantowana przez projektowanie, produkcj\u0119 i zarz\u0105dzanie jako\u015bci\u0105 zgodnie z dozwolonymi przepisami UE.<br \/>Tytan Ti-GAL-4U-ELI - producent ZAP-Niemcy, jest materia\u0142em z powodzeniem stosowanym do wykonywania \u0142\u0105cznik\u00f3w i nadbudowy implant\u00f3w stomatologicznych ze wzgl\u0119du na swoje w\u0142a\u015bciwo\u015bci takie jak:<\/p>\n<p>niski ci\u0119\u017car w\u0142a\u015bciwy<br \/>wysoka elastyczno\u015b\u0107<br \/>ci\u0119\u017car i odporno\u015b\u0107 na korozj\u0119<br \/>doskona\u0142a og\u00f3lna biokompatybilno\u015b\u0107<\/p>\n<p>Kontrola jako\u015bci odbywa si\u0119 przez:<\/p>\n<p>pomiary mikroskopowe<br \/>testy mechaniczne wykonane przez EndoLab\u00ae<\/p>\n<p>Zesp\u00f3\u0142 stoj\u0105cy za procesem sk\u0142ada si\u0119 z lekarzy i in\u017cynier\u00f3w, a linia produkcyjna reprezentowana jest przez wysokiej precyzji maszyny jako\u015bci CNC. Nasze mosty s\u0105 w 100% kompatybilne z oryginalnymi systemami implant\u00f3w.<\/p>\n\t\t\t\t\t<\/div>\n\t\n\t\t\t\t\t\t\t\t\t<\/div>\n\t\t\t<\/div>\n\t\t<\/div>\n\t\t\t\t<\/div>\n\t\t\t\t<\/div>\n\t\t\t\t\t<\/div>\n\t\t<\/div>\n\t\t\t\t\t\t\t<\/div>\n\t\t<\/section>\n\t\t\t\t\t<\/div>\n\t\t<\/div>\n\t\t\t\t\t\t\t<\/div>\n\t\t<\/section>\n\t\t\t\t<section class=\"elementor-section elementor-top-section elementor-element elementor-element-79323b3 elementor-section-boxed elementor-section-height-default elementor-section-height-default wd-section-disabled\" data-id=\"79323b3\" data-element_type=\"section\">\n\t\t\t\t\t\t<div class=\"elementor-container elementor-column-gap-default\">\n\t\t\t\t\t<div class=\"elementor-column elementor-col-50 elementor-top-column elementor-element elementor-element-4f07b81\" data-id=\"4f07b81\" data-element_type=\"column\">\n\t\t\t<div class=\"elementor-widget-wrap elementor-element-populated\">\n\t\t\t\t\t\t\t\t<div class=\"elementor-element elementor-element-2269fc9 elementor-widget elementor-widget-wd_infobox\" data-id=\"2269fc9\" data-element_type=\"widget\" data-widget_type=\"wd_infobox.default\">\n\t\t\t\t<div class=\"elementor-widget-container\">\n\t\t\t\t\t<div class=\"info-box-wrapper\">\n\t\t\t<div class=\"wd-info-box text-left box-icon-align-top box-style-bg-hover color-scheme- color-scheme-hover-light cursor-pointer\"onclick=\"window.location.href='#'\">\n\t\t\t\t\t\t\t\t\t<div class=\"box-icon-wrapper  box-with-icon box-icon-simple\">\n\t\t\t\t\t\t<div class=\"info-box-icon\">\n\t\t\t\t\t\t\t\t\t\t\t\t\t\t\t<img decoding=\"async\" src=\"https:\/\/abutment-implants.pl\/prezentacja\/wp-content\/uploads\/elementor\/thumbs\/shipped-1-p7gnj3t9qg327gsio7t5q2v626lrb1u6kexdeubgv2.png\" title=\"shipped (1)\" alt=\"shipped (1)\" \/>\t\t\t\t\t\t\t\t\t\t\t\t\t<\/div>\n\t\t\t\t\t<\/div>\n\t\t\t\t\n\t\t\t\t<div class=\"info-box-content\">\n\t\t\t\t\t\n\t\t\t\t\t\t\t\t\t\t\t<h4\t\t\t\t\t\tclass=\"info-box-title title box-title-style-default wd-fontsize-m\" data-elementor-setting-key=\"title\">\n\t\t\t\t\t\t\t\tDarmowa dostawa w ci\u0105gu 24 godzin w dowolnym miejscu w kraju\t\t\t\t\t\t<\/h4>\n\t\t\t\t\t\n\t\t\t\t\t<div class=\"info-box-inner set-cont-mb-s reset-last-child\"\n\t\t\t\t\t\t data-elementor-setting-key=\"content\">\n\t\t\t\t\t\t<p>Czy potrzebujesz pojedynczego pojemnika czy pe\u0142nego zapasu?<br \/>W obu przypadkach mo\u017cna zam\u00f3wi\u0107 samodzielnie i otrzyma\u0107 produkty w ci\u0105gu 24-48h na preferowany adres w kraju i 3h w Bukareszcie, za dodatkow\u0105 op\u0142at\u0105. Nie ma minimalnych ilo\u015bci zakupu ani kwot, zam\u00f3w i dostarczamy niezale\u017cnie od poziomu pilno\u015bci.<\/p>\n\t\t\t\t\t<\/div>\n\t\n\t\t\t\t\t\t\t\t\t<\/div>\n\t\t\t<\/div>\n\t\t<\/div>\n\t\t\t\t<\/div>\n\t\t\t\t<\/div>\n\t\t\t\t\t<\/div>\n\t\t<\/div>\n\t\t\t\t<div class=\"elementor-column elementor-col-50 elementor-top-column elementor-element elementor-element-3c46ca1\" data-id=\"3c46ca1\" data-element_type=\"column\">\n\t\t\t<div class=\"elementor-widget-wrap elementor-element-populated\">\n\t\t\t\t\t\t\t\t<div class=\"elementor-element elementor-element-2f71a27 elementor-widget elementor-widget-wd_infobox\" data-id=\"2f71a27\" data-element_type=\"widget\" data-widget_type=\"wd_infobox.default\">\n\t\t\t\t<div class=\"elementor-widget-container\">\n\t\t\t\t\t<div class=\"info-box-wrapper\">\n\t\t\t<div class=\"wd-info-box text-left box-icon-align-top box-style-bg-hover color-scheme- color-scheme-hover-light cursor-pointer\"onclick=\"window.location.href='#'\">\n\t\t\t\t\t\t\t\t\t<div class=\"box-icon-wrapper  box-with-icon box-icon-simple\">\n\t\t\t\t\t\t<div class=\"info-box-icon\">\n\t\t\t\t\t\t\t\t\t\t\t\t\t\t\t<img decoding=\"async\" src=\"https:\/\/abutment-implants.pl\/prezentacja\/wp-content\/uploads\/elementor\/thumbs\/customer-service-2-p7gmg4g8aspypnezav75tezz5wqr2y2xjgxfwq48wu.png\" title=\"customer-service (2)\" alt=\"customer-service (2)\" \/>\t\t\t\t\t\t\t\t\t\t\t\t\t<\/div>\n\t\t\t\t\t<\/div>\n\t\t\t\t\n\t\t\t\t<div class=\"info-box-content\">\n\t\t\t\t\t\n\t\t\t\t\t\t\t\t\t\t\t<h4\t\t\t\t\t\tclass=\"info-box-title title box-title-style-default wd-fontsize-m\" data-elementor-setting-key=\"title\">\n\t\t\t\t\t\t\t\tWsparcie techniczne - udzielane przez specjalist\u0119 w danej dziedzinie\t\t\t\t\t\t<\/h4>\n\t\t\t\t\t\n\t\t\t\t\t<div class=\"info-box-inner set-cont-mb-s reset-last-child\"\n\t\t\t\t\t\t data-elementor-setting-key=\"content\">\n\t\t\t\t\t\t<ul>\n<li>Jest wolny<br \/>Mo\u017cesz om\u00f3wi\u0107 z nami niestandardowe rozwi\u0105zanie dla Twojego laboratorium lub kliniki.<\/li>\n<\/ul>\n\t\t\t\t\t<\/div>\n\t\n\t\t\t\t\t\t\t\t\t<\/div>\n\t\t\t<\/div>\n\t\t<\/div>\n\t\t\t\t<\/div>\n\t\t\t\t<\/div>\n\t\t\t\t\t<\/div>\n\t\t<\/div>\n\t\t\t\t\t\t\t<\/div>\n\t\t<\/section>\n\t\t\t\t\t\t\t<\/div>\n\t\t","protected":false},"excerpt":{"rendered":"<p>ZESP\u00d3\u0141 ABUTMENTOWY Korzy\u015bci z pracy z nami Produkty z certyfikatami CE i ISO ISO 9001 &#8211; System Zarz\u0105dzania Jako\u015bci\u0105ISO 13485<\/p>\n","protected":false},"author":1,"featured_media":0,"parent":0,"menu_order":0,"comment_status":"closed","ping_status":"closed","template":"","meta":{"footnotes":""},"class_list":["post-10022","page","type-page","status-publish","hentry"],"_links":{"self":[{"href":"https:\/\/abutment-implants.pl\/prezentacja\/wp-json\/wp\/v2\/pages\/10022","targetHints":{"allow":["GET"]}}],"collection":[{"href":"https:\/\/abutment-implants.pl\/prezentacja\/wp-json\/wp\/v2\/pages"}],"about":[{"href":"https:\/\/abutment-implants.pl\/prezentacja\/wp-json\/wp\/v2\/types\/page"}],"author":[{"embeddable":true,"href":"https:\/\/abutment-implants.pl\/prezentacja\/wp-json\/wp\/v2\/users\/1"}],"replies":[{"embeddable":true,"href":"https:\/\/abutment-implants.pl\/prezentacja\/wp-json\/wp\/v2\/comments?post=10022"}],"version-history":[{"count":92,"href":"https:\/\/abutment-implants.pl\/prezentacja\/wp-json\/wp\/v2\/pages\/10022\/revisions"}],"predecessor-version":[{"id":11600,"href":"https:\/\/abutment-implants.pl\/prezentacja\/wp-json\/wp\/v2\/pages\/10022\/revisions\/11600"}],"wp:attachment":[{"href":"https:\/\/abutment-implants.pl\/prezentacja\/wp-json\/wp\/v2\/media?parent=10022"}],"curies":[{"name":"wp","href":"https:\/\/api.w.org\/{rel}","templated":true}]}}